{"id":629,"date":"2015-05-31T21:18:16","date_gmt":"2015-05-31T21:18:16","guid":{"rendered":"http:\/\/www.wellnesserenity.com\/home-2\/"},"modified":"2025-05-05T16:36:58","modified_gmt":"2025-05-05T16:36:58","slug":"home","status":"publish","type":"page","link":"https:\/\/www.wellnesserenity.com\/tr\/","title":{"rendered":"Anasayfa"},"content":{"rendered":"<div class=\"wpb-content-wrapper\"><p>[vc_row][vc_column][vc_column_text css=&#8221;.vc_custom_1746458086648{margin-bottom: 10px !important;}&#8221;]<\/p>\n<h1 style=\"text-align: center;\">Serenity Spa&#8217;ya Ho\u015fgeldiniz<\/h1>\n<p>[\/vc_column_text][vc_row_inner spacing=&#8221;default_no_spaces&#8221; css=&#8221;.vc_custom_1746445325784{padding-top: 0px !important;padding-bottom: 0px !important;}&#8221;][vc_column_inner width=&#8221;1\/3&#8243;][\/vc_column_inner][vc_column_inner width=&#8221;1\/3&#8243; css=&#8221;.vc_custom_1746445343112{background-image: url(http:\/\/www.wellnesserenity.com\/wp-content\/uploads\/2025\/05\/title-border.png?id=757) !important;background-position: 0 0 !important;background-repeat: repeat !important;}&#8221;]<div class=\"ult-spacer spacer-69f5efcca10a0\" data-id=\"69f5efcca10a0\" data-height=\"8\" data-height-mobile=\"8\" data-height-tab=\"8\" data-height-tab-portrait=\"\" data-height-mobile-landscape=\"\" style=\"clear:both;display:block;\"><\/div>[\/vc_column_inner][vc_column_inner width=&#8221;1\/3&#8243;][\/vc_column_inner][\/vc_row_inner][vc_column_text css=&#8221;.vc_custom_1746458113112{margin-top: 10px !important;}&#8221;]<\/p>\n<h3 style=\"text-align: center;\">Kaliteli hizmet ve detaylara g\u00f6sterilen \u00f6zen. Gelin profesyonel ellerde huzurla rahatlaman\u0131n keyfini \u00e7\u0131kar\u0131n.<\/h3>\n<h3 style=\"text-align: center;\">Kendine zaman ay\u0131r \u00e7\u00fcnk\u00fc sen \u00f6zelsin.<\/h3>\n<p>[\/vc_column_text][\/vc_column][\/vc_row][vc_row][vc_column width=&#8221;1\/3&#8243;]<div class=\"dt-sc-popular-procedures with-image\">\t<div class=\"dt-sc-popular-procedures-wrapper\">\t\t<div class=\"border\"><span><\/span> <\/div>\t\t\t<div class='image'><img src='https:\/\/www.wellnesserenity.com\/wp-content\/uploads\/2015\/05\/coiffeur-hairdresser-service-Fethiye.jpg' alt='Kuaf\u00f6r' \/><\/div><h2>Kuaf\u00f6r<\/h2><p>Kes, \u015fekil ver, boyat; Wellness Serenity Spa\u2019da t\u00fcm kuaf\u00f6r uygulamalar\u0131yla hizmetinizdeyiz. Trendler dikte etmek i\u00e7in de\u011fil yol g\u00f6stermek i\u00e7indir. T\u00fcm ihtiya\u00e7lar\u0131n\u0131za \u00e7evap verebilmek i\u00e7in uzmanlar\u0131m\u0131z tamamen ki\u015fiye \u00f6zel uygulanan tasar\u0131mlar\u0131 hizmetinize sunuyor.<p>\t<\/div><\/div>[\/vc_column][vc_column width=&#8221;1\/3&#8243;]<div class=\"dt-sc-popular-procedures with-image\">\t<div class=\"dt-sc-popular-procedures-wrapper\">\t\t<div class=\"border\"><span><\/span> <\/div>\t\t\t<div class='image'><img src='https:\/\/www.wellnesserenity.com\/wp-content\/uploads\/2015\/05\/skin-care-spa-service1.jpg' alt='Spa-Merkezi' \/><\/div><h2>Spa-Merkezi<\/h2><p>Temel amac\u0131m\u0131z; vaat eddi\u011fimiz gibi, m\u00fc\u015fterilerimize en y\u00fcksek kalitede hizmeti sunmakt\u0131r. Profesyonel ve sertifikal\u0131 ekibimiz, Hamam, Sauna ve t\u00fcm geleneksel ve medikal masajlar dahil olmak \u00fczere tam bir spa hizmeti sunuyor.<p>\t<\/div><\/div>[\/vc_column][vc_column width=&#8221;1\/3&#8243;]<div class=\"dt-sc-popular-procedures with-image\">\t<div class=\"dt-sc-popular-procedures-wrapper\">\t\t<div class=\"border\"><span><\/span> <\/div>\t\t\t<div class='image'><img src='https:\/\/www.wellnesserenity.com\/wp-content\/uploads\/2015\/05\/serenity-beauty-center.jpg' alt='G\u00fczellik Merkezi' \/><\/div><h2>G\u00fczellik Merkezi<\/h2><p>D\u00fcnyaca \u00fcnl\u00fc Algotherm, Babor, Janssen ve Sothys\u2019in kozmetik \u00fcr\u00fcnleriyle g\u00fczellik uzmanlar\u0131m\u0131z taraf\u0131ndan uygulanan y\u00fcz ve v\u00fccut bak\u0131m\u0131ndan sonra sel\u00fclitlerinizden kurtulacaks\u0131n\u0131z, cildiniz g\u00fczelle\u015fecek ve kendinizi daha canl\u0131 hissedeceksiniz.<p>\t<\/div><\/div>[\/vc_column][\/vc_row][vc_row][vc_column]<div  class='dt-sc-callout-box type1 with-icon' ><div class=\"column dt-sc-three-fourth first\"><img src='https:\/\/www.wellnesserenity.com\/wp-content\/uploads\/2015\/05\/spa-stone.png'><h4>Garanti ediyoruz\u2026<\/h4><h5>Her daim temizlik ve hijyenin en y\u00fcksek standartlar\u0131nda hizmet vermeyi garanti ediyoruz.<\/h5><\/div><div class=\"column dt-sc-one-fourth\"><a href='http:\/\/www.wellnesserenity.com\/about-us\/' title='About Us' target='_self' class='dt-sc-button small icon-right with-icon filled fully-rounded-corner  type3'>Devam\u0131n\u0131 oku<span class=''> <\/span><\/a><\/div><\/div>[\/vc_column][\/vc_row]<\/p>\n<\/div>","protected":false},"excerpt":{"rendered":"<p>[vc_row][vc_column][vc_column_text css=&#8221;.vc_custom_1746458086648{margin-bottom: 10px !important;}&#8221;] Serenity Spa&#8217;ya Ho\u015fgeldiniz [\/vc_column_text][vc_row_inner spacing=&#8221;default_no_spaces&#8221; css=&#8221;.vc_custom_1746445325784{padding-top: 0px !important;padding-bottom: 0px !important;}&#8221;][vc_column_inner width=&#8221;1\/3&#8243;][\/vc_column_inner][vc_column_inner width=&#8221;1\/3&#8243; css=&#8221;.vc_custom_1746445343112{background-image: url(http:\/\/www.wellnesserenity.com\/wp-content\/uploads\/2025\/05\/title-border.png?id=757) !important;background-position: 0 0 !important;background-repeat: repeat !important;}&#8221;][\/vc_column_inner][vc_column_inner width=&#8221;1\/3&#8243;][\/vc_column_inner][\/vc_row_inner][vc_column_text css=&#8221;.vc_custom_1746458113112{margin-top: 10px !important;}&#8221;] Kaliteli hizmet ve detaylara g\u00f6sterilen \u00f6zen. Gelin profesyonel ellerde huzurla rahatlaman\u0131n keyfini \u00e7\u0131kar\u0131n. Kendine zaman ay\u0131r \u00e7\u00fcnk\u00fc sen \u00f6zelsin. [\/vc_column_text][\/vc_column][\/vc_row][vc_row][vc_column width=&#8221;1\/3&#8243;][\/vc_column][vc_column width=&#8221;1\/3&#8243;][\/vc_column][vc_column width=&#8221;1\/3&#8243;][\/vc_column][\/vc_row][vc_row][vc_column][\/vc_column][\/vc_row]<\/p>\n","protected":false},"author":1,"featured_media":0,"parent":0,"menu_order":0,"comment_status":"closed","ping_status":"closed","template":"","meta":{"footnotes":""},"class_list":["post-629","page","type-page","status-publish","hentry"],"aioseo_notices":[],"_links":{"self":[{"href":"https:\/\/www.wellnesserenity.com\/tr\/wp-json\/wp\/v2\/pages\/629","targetHints":{"allow":["GET"]}}],"collection":[{"href":"https:\/\/www.wellnesserenity.com\/tr\/wp-json\/wp\/v2\/pages"}],"about":[{"href":"https:\/\/www.wellnesserenity.com\/tr\/wp-json\/wp\/v2\/types\/page"}],"author":[{"embeddable":true,"href":"https:\/\/www.wellnesserenity.com\/tr\/wp-json\/wp\/v2\/users\/1"}],"replies":[{"embeddable":true,"href":"https:\/\/www.wellnesserenity.com\/tr\/wp-json\/wp\/v2\/comments?post=629"}],"version-history":[{"count":14,"href":"https:\/\/www.wellnesserenity.com\/tr\/wp-json\/wp\/v2\/pages\/629\/revisions"}],"predecessor-version":[{"id":854,"href":"https:\/\/www.wellnesserenity.com\/tr\/wp-json\/wp\/v2\/pages\/629\/revisions\/854"}],"wp:attachment":[{"href":"https:\/\/www.wellnesserenity.com\/tr\/wp-json\/wp\/v2\/media?parent=629"}],"curies":[{"name":"wp","href":"https:\/\/api.w.org\/{rel}","templated":true}]}}