{"id":642,"date":"2015-06-04T21:23:02","date_gmt":"2015-06-04T21:23:02","guid":{"rendered":"http:\/\/www.wellnesserenity.com\/about-us-2\/"},"modified":"2025-05-05T16:27:38","modified_gmt":"2025-05-05T16:27:38","slug":"hakkimizda","status":"publish","type":"page","link":"https:\/\/www.wellnesserenity.com\/tr\/hakkimizda\/","title":{"rendered":"Hakk\u0131m\u0131zda"},"content":{"rendered":"<div class=\"wpb-content-wrapper\"><p>[vc_row css=&#8221;.vc_custom_1746447341611{margin-top: 30px !important;}&#8221;][vc_column width=&#8221;1\/2&#8243;][vc_column_text css=&#8221;&#8221;]1998 y\u0131l\u0131nda ba\u015flad\u0131\u011f\u0131m\u0131z profesyonel i\u015f hayat\u0131m\u0131z\u0131 gerek \u015fehir merkezlerinde gerekse turistik otellerde yapt\u0131\u011f\u0131m\u0131z spa organizasyonlar\u0131yla bug\u00fcnlere ta\u015f\u0131d\u0131k.<\/p>\n<p>De\u011fi\u015fmeyen tek \u015fey de\u011fi\u015fimin kendisidir bilinciyle spa vizyonumuzu olu\u015fturmu\u015f bulunmaktay\u0131z. \u00d6ncelikli amac\u0131m\u0131z vaat edilen hizmeti en y\u00fcksek standartlarda m\u00fc\u015fteriye ula\u015ft\u0131rmakt\u0131r. \u00a0Bunun yan\u0131 s\u0131ra d\u00fcnyadaki spa trendlerini de yak\u0131ndan takip ederek, be\u015f duyuya hitap eden, v\u00fccut ve evren b\u00fct\u00fcnl\u00fc\u011f\u00fcn\u00fc savunan holistik spa anlay\u0131\u015f\u0131m\u0131z\u0131 g\u00fcn be g\u00fcn zenginle\u015ftirmekteyiz.[\/vc_column_text][\/vc_column][vc_column width=&#8221;1\/2&#8243;][vc_single_image image=&#8221;138&#8243; img_size=&#8221;full&#8221; alignment=&#8221;center&#8221; css=&#8221;&#8221;][\/vc_column][vc_column][vc_column_text css=&#8221;&#8221;]Bilginin d\u00fcnyadaki en \u00f6nemli g\u00fc\u00e7 oldu\u011funun fark\u0131ndal\u0131\u011f\u0131yla, mesle\u011fimizle ilgili her t\u00fcrl\u00fc donan\u0131m\u0131 ve sertifikasyonu bulundurmaktay\u0131z. Profesyonel bir ekip i\u00e7in \u015firket i\u00e7i e\u011fitimlerimize \u00e7ok \u00f6nem vermekteyiz. Ba\u015far\u0131n\u0131n s\u0131rr\u0131 standartla\u015fmaktat\u0131r diyerek \u00e7al\u0131\u015fmalar\u0131m\u0131z\u0131 bu y\u00f6nde devam ettirmekteyiz.<\/p>\n<p>\u0130stikrar \u015firketimize zaman i\u00e7inde s\u00fcrekli ve devaml\u0131 ba\u015far\u0131y\u0131 getirmi\u015ftir.<\/p>\n<p>M\u00fc\u015fteri memnuniyeti odakl\u0131 hizmet anlay\u0131\u015f\u0131m\u0131z\u0131, uluslararas\u0131 standartlarda vizyon kabul ederek; bak\u0131m, uygulama ve rit\u00fcellerimizi d\u00fcnya \u00e7ap\u0131ndaki konusunda lider markalardan \u00fcr\u00fcn ve ekipman tedariki ile tam hizmet garantisi vererek sizlere ula\u015ft\u0131rmakt\u0131r.<\/p>\n<p>Yo\u011fun hayatlar\u0131m\u0131zda, yorgun v\u00fccutlar\u0131m\u0131z\u0131 daha da \u00f6nemlisi yorgun benli\u011fimizi tazelemek; tekrar kendini hissederek daha canl\u0131 hayata d\u00f6nmek istiyorsan\u0131z \u201ckendini hisset\u201d felsefesi ile olu\u015fturdu\u011fumuz spa bak\u0131m ve masaj rit\u00fcellerini mutlaka denemelisiniz.<\/p>\n<p>G\u00fclen y\u00fczler, g\u00fclen hayat demektir.<\/p>\n<p>Hayat\u0131n\u0131zda bir par\u00e7a \u015f\u0131mart\u0131lmaya ihtiyac\u0131n\u0131z varsa Serenity Spa hizmetinizde olacakt\u0131r.<\/p>\n<p>\u00d6zlem K\u0131z\u0131k Kutlu[\/vc_column_text][\/vc_column][\/vc_row]<\/p>\n<\/div>","protected":false},"excerpt":{"rendered":"<p>[vc_row css=&#8221;.vc_custom_1746447341611{margin-top: 30px !important;}&#8221;][vc_column width=&#8221;1\/2&#8243;][vc_column_text css=&#8221;&#8221;]1998 y\u0131l\u0131nda ba\u015flad\u0131\u011f\u0131m\u0131z profesyonel i\u015f hayat\u0131m\u0131z\u0131 gerek \u015fehir merkezlerinde gerekse turistik otellerde yapt\u0131\u011f\u0131m\u0131z spa organizasyonlar\u0131yla bug\u00fcnlere ta\u015f\u0131d\u0131k. De\u011fi\u015fmeyen tek \u015fey de\u011fi\u015fimin kendisidir bilinciyle spa vizyonumuzu olu\u015fturmu\u015f bulunmaktay\u0131z. \u00d6ncelikli amac\u0131m\u0131z vaat edilen hizmeti en y\u00fcksek standartlarda m\u00fc\u015fteriye ula\u015ft\u0131rmakt\u0131r. \u00a0Bunun yan\u0131 s\u0131ra d\u00fcnyadaki spa trendlerini de yak\u0131ndan takip ederek, be\u015f duyuya hitap [&hellip;]<\/p>\n","protected":false},"author":1,"featured_media":0,"parent":0,"menu_order":0,"comment_status":"closed","ping_status":"closed","template":"","meta":{"footnotes":""},"class_list":["post-642","page","type-page","status-publish","hentry"],"aioseo_notices":[],"_links":{"self":[{"href":"https:\/\/www.wellnesserenity.com\/tr\/wp-json\/wp\/v2\/pages\/642","targetHints":{"allow":["GET"]}}],"collection":[{"href":"https:\/\/www.wellnesserenity.com\/tr\/wp-json\/wp\/v2\/pages"}],"about":[{"href":"https:\/\/www.wellnesserenity.com\/tr\/wp-json\/wp\/v2\/types\/page"}],"author":[{"embeddable":true,"href":"https:\/\/www.wellnesserenity.com\/tr\/wp-json\/wp\/v2\/users\/1"}],"replies":[{"embeddable":true,"href":"https:\/\/www.wellnesserenity.com\/tr\/wp-json\/wp\/v2\/comments?post=642"}],"version-history":[{"count":5,"href":"https:\/\/www.wellnesserenity.com\/tr\/wp-json\/wp\/v2\/pages\/642\/revisions"}],"predecessor-version":[{"id":643,"href":"https:\/\/www.wellnesserenity.com\/tr\/wp-json\/wp\/v2\/pages\/642\/revisions\/643"}],"wp:attachment":[{"href":"https:\/\/www.wellnesserenity.com\/tr\/wp-json\/wp\/v2\/media?parent=642"}],"curies":[{"name":"wp","href":"https:\/\/api.w.org\/{rel}","templated":true}]}}