{"id":654,"date":"2015-06-04T22:25:07","date_gmt":"2015-06-04T22:25:07","guid":{"rendered":"http:\/\/www.wellnesserenity.com\/spa-services-2\/"},"modified":"2025-05-05T16:32:29","modified_gmt":"2025-05-05T16:32:29","slug":"spa-hizmetler","status":"publish","type":"page","link":"https:\/\/www.wellnesserenity.com\/tr\/spa-hizmetler\/","title":{"rendered":"Hizmetlerimiz"},"content":{"rendered":"<div class=\"wpb-content-wrapper\"><p>[vc_section full_width=&#8221;stretch_row_content&#8221;][vc_row full_width=&#8221;stretch_row_content_no_spaces&#8221; css=&#8221;.vc_custom_1746459818437{background-image: url(http:\/\/www.wellnesserenity.com\/wp-content\/uploads\/2015\/06\/spa-merkezi-hizmetleri.jpg?id=667) !important;background-position: center !important;background-repeat: no-repeat !important;background-size: cover !important;}&#8221;][vc_column]<div class=\"ult-spacer spacer-69e051e8e8f95\" data-id=\"69e051e8e8f95\" data-height=\"300\" data-height-mobile=\"125\" data-height-tab=\"250\" data-height-tab-portrait=\"200\" data-height-mobile-landscape=\"125\" style=\"clear:both;display:block;\"><\/div>[\/vc_column][\/vc_row][\/vc_section][vc_row full_width=&#8221;stretch_row_content&#8221; equal_height=&#8221;yes&#8221; css=&#8221;.vc_custom_1746449585143{margin-top: 40px !important;}&#8221;][vc_column width=&#8221;1\/4&#8243;]<div class='dt-sc-icon-box type1 '><div class=\"icon-wrapper\"><img loading=\"lazy\" decoding=\"async\" width=\"48\" height=\"54\" src=\"https:\/\/www.wellnesserenity.com\/wp-content\/uploads\/2015\/06\/kurna-icon2.png\" class=\"attachment-full\" alt=\"\" title=\"kurna icon\" \/><\/div><div class=\"icon-content\"><h4>Hamam<\/h4><div class='image'><img loading=\"lazy\" decoding=\"async\" width=\"620\" height=\"271\" src=\"https:\/\/www.wellnesserenity.com\/wp-content\/uploads\/2015\/06\/Turkish-Bath-Hamam.jpg\" class=\"attachment-full\" alt=\"\" title=\"Turkish Bath Hamam\" srcset=\"https:\/\/www.wellnesserenity.com\/wp-content\/uploads\/2015\/06\/Turkish-Bath-Hamam.jpg 620w, https:\/\/www.wellnesserenity.com\/wp-content\/uploads\/2015\/06\/Turkish-Bath-Hamam-300x131.jpg 300w, https:\/\/www.wellnesserenity.com\/wp-content\/uploads\/2015\/06\/Turkish-Bath-Hamam-530x232.jpg 530w, https:\/\/www.wellnesserenity.com\/wp-content\/uploads\/2015\/06\/Turkish-Bath-Hamam-420x184.jpg 420w, https:\/\/www.wellnesserenity.com\/wp-content\/uploads\/2015\/06\/Turkish-Bath-Hamam-480x210.jpg 480w\" sizes=\"auto, (max-width: 620px) 100vw, 620px\" \/><\/div><p>Geleneksel olarak mermerden in\u015fa edilmi\u015f hamam\u0131m\u0131zda terlemek, rahatlamak i\u00e7in sa\u011fl\u0131kl\u0131 ve ho\u015f bir y\u00f6ntem olsa da Hamam\u0131n keyfi kese ve k\u00f6p\u00fck masaj\u0131yla \u00e7\u0131kar. \u00c7ok etkili bir peeling y\u00f6ntemi olan kese sonras\u0131nda k\u00f6p\u00fck masaj\u0131yla gev\u015femenin tad\u0131n\u0131 \u00e7\u0131kar\u0131n.<\/p><\/div><\/div>[\/vc_column][vc_column width=&#8221;1\/4&#8243; css=&#8221;.vc_custom_1746449676453{padding-bottom: 10px !important;}&#8221;]<div class='dt-sc-icon-box type1 '><div class=\"icon-wrapper\"><img loading=\"lazy\" decoding=\"async\" width=\"54\" height=\"29\" src=\"https:\/\/www.wellnesserenity.com\/wp-content\/uploads\/2015\/06\/classic-massage-icon-w.png\" class=\"attachment-full\" alt=\"\" title=\"classic massage icon w\" \/><\/div><div class=\"icon-content\"><h4>Klasik Masaj<\/h4><div class='image'><img loading=\"lazy\" decoding=\"async\" width=\"620\" height=\"272\" src=\"https:\/\/www.wellnesserenity.com\/wp-content\/uploads\/2015\/06\/Spa-classic-Massage.jpg\" class=\"attachment-full\" alt=\"\" title=\"Spa classic Massage\" srcset=\"https:\/\/www.wellnesserenity.com\/wp-content\/uploads\/2015\/06\/Spa-classic-Massage.jpg 620w, https:\/\/www.wellnesserenity.com\/wp-content\/uploads\/2015\/06\/Spa-classic-Massage-300x132.jpg 300w, https:\/\/www.wellnesserenity.com\/wp-content\/uploads\/2015\/06\/Spa-classic-Massage-530x233.jpg 530w, https:\/\/www.wellnesserenity.com\/wp-content\/uploads\/2015\/06\/Spa-classic-Massage-420x184.jpg 420w, https:\/\/www.wellnesserenity.com\/wp-content\/uploads\/2015\/06\/Spa-classic-Massage-480x211.jpg 480w\" sizes=\"auto, (max-width: 620px) 100vw, 620px\" \/><\/div><p>Masaj\u0131n be\u015f temel prensibini bar\u0131nd\u0131ran, orta \u015fiddette, uzun ve nazik hareketler i\u00e7eren bir masaj. Kaslar\u0131n nazik\u00e7e yo\u011frulmas\u0131, \u015fifal\u0131 dokunu\u015flar, hafif vuru\u015flar ve s\u00fcrekli titre\u015fim sa\u011flanmas\u0131; t\u00fcm butekniklerin\u00a0kombinasyonu ile maximum dola\u015f\u0131m ve rahatlama sa\u011flar.<\/p><\/div><\/div>[\/vc_column][vc_column width=&#8221;1\/4&#8243;]<div class='dt-sc-icon-box type1 '><div class=\"icon-wrapper\"><img loading=\"lazy\" decoding=\"async\" width=\"40\" height=\"54\" src=\"https:\/\/www.wellnesserenity.com\/wp-content\/uploads\/2015\/06\/chocolate-therapy-icon-s.png\" class=\"attachment-full\" alt=\"\" title=\"chocolate therapy icon s\" \/><\/div><div class=\"icon-content\"><h4>\u00c7ikolata Terapisi<\/h4><div class='image'><img loading=\"lazy\" decoding=\"async\" width=\"620\" height=\"271\" src=\"https:\/\/www.wellnesserenity.com\/wp-content\/uploads\/2015\/06\/Serenity-spa-chocolate-therapy-Fethiye-Letoon-hotel.jpg\" class=\"attachment-full\" alt=\"\" title=\"Serenity spa chocolate therapy Fethiye Letoon hotel\" srcset=\"https:\/\/www.wellnesserenity.com\/wp-content\/uploads\/2015\/06\/Serenity-spa-chocolate-therapy-Fethiye-Letoon-hotel.jpg 620w, https:\/\/www.wellnesserenity.com\/wp-content\/uploads\/2015\/06\/Serenity-spa-chocolate-therapy-Fethiye-Letoon-hotel-300x131.jpg 300w, https:\/\/www.wellnesserenity.com\/wp-content\/uploads\/2015\/06\/Serenity-spa-chocolate-therapy-Fethiye-Letoon-hotel-530x232.jpg 530w, https:\/\/www.wellnesserenity.com\/wp-content\/uploads\/2015\/06\/Serenity-spa-chocolate-therapy-Fethiye-Letoon-hotel-420x184.jpg 420w, https:\/\/www.wellnesserenity.com\/wp-content\/uploads\/2015\/06\/Serenity-spa-chocolate-therapy-Fethiye-Letoon-hotel-480x210.jpg 480w\" sizes=\"auto, (max-width: 620px) 100vw, 620px\" \/><\/div><p>\u00c7ikolatan\u0131n efsanevi etkileri iyi bilinmektedir. Saf \u00e7ikolata ve kakao ya\u011f\u0131n\u0131n e\u015fsiz kar\u0131\u015f\u0131m\u0131, sadece cildi canland\u0131rmakla kalmaz ayn\u0131 zamanda kay\u0131p besinleri yerine getirir ve ruhsal durum \u00fczerinde de olumlu bir etkiye sahiptir. Masajla birle\u015ftirildi\u011finde ise hayat\u0131n en b\u00fcy\u00fck iki zevkinin bir araya gelir.<\/p><\/div><\/div>[\/vc_column][vc_column width=&#8221;1\/4&#8243;]<div class='dt-sc-icon-box type1 '><div class=\"icon-wrapper\"><img loading=\"lazy\" decoding=\"async\" width=\"54\" height=\"36\" src=\"https:\/\/www.wellnesserenity.com\/wp-content\/uploads\/2015\/06\/hot-stone-icon-s.png\" class=\"attachment-full\" alt=\"\" title=\"hot stone icon s\" \/><\/div><div class=\"icon-content\"><h4>Bali S\u0131cak Ta\u015f Masaj\u0131<\/h4><div class='image'><img loading=\"lazy\" decoding=\"async\" width=\"620\" height=\"271\" src=\"https:\/\/www.wellnesserenity.com\/wp-content\/uploads\/2015\/06\/hot-stone-massage-bali.jpg\" class=\"attachment-full\" alt=\"\" title=\"hot stone massage bali\" srcset=\"https:\/\/www.wellnesserenity.com\/wp-content\/uploads\/2015\/06\/hot-stone-massage-bali.jpg 620w, https:\/\/www.wellnesserenity.com\/wp-content\/uploads\/2015\/06\/hot-stone-massage-bali-300x131.jpg 300w, https:\/\/www.wellnesserenity.com\/wp-content\/uploads\/2015\/06\/hot-stone-massage-bali-530x232.jpg 530w, https:\/\/www.wellnesserenity.com\/wp-content\/uploads\/2015\/06\/hot-stone-massage-bali-420x184.jpg 420w, https:\/\/www.wellnesserenity.com\/wp-content\/uploads\/2015\/06\/hot-stone-massage-bali-480x210.jpg 480w\" sizes=\"auto, (max-width: 620px) 100vw, 620px\" \/><\/div><p>Bali S\u0131cak Ta\u015f Masaj\u0131; gerginlik, stres ve fibrozit gidermek i\u00e7in hafif \u0131s\u0131t\u0131lan volkanik ta\u015flar\u0131n\u00a0akupunktur noktalar\u0131na yerle\u015ftirilmesidir. U\u00e7ucu ya\u011flar\u0131n kullan\u0131ld\u0131\u011f\u0131 bu rahatlat\u0131c\u0131 oryantal masaj tekni\u011fi\u00a0boyun ve ba\u015f b\u00f6lgesine uygulanarak omurili\u011fin ve zihin rahatlamas\u0131n\u0131 sa\u011flar, haf\u0131zay\u0131 g\u00fc\u00e7lendirir ve pozitif d\u00fc\u015f\u00fcnceyi artt\u0131r\u0131r.<\/p><\/div><\/div>[\/vc_column][\/vc_row][vc_section css=&#8221;.vc_custom_1746449446306{margin-top: 60px !important;}&#8221;][vc_row css=&#8221;.vc_custom_1746449336249{margin-bottom: 30px !important;}&#8221;][vc_column][vc_column_text css=&#8221;&#8221;]<\/p>\n<h2>T\u00fcm\u00a0Spa\u00a0Hizmetlerimiz<\/h2>\n<p>[\/vc_column_text][\/vc_column][\/vc_row][vc_row full_width=&#8221;stretch_row&#8221; css=&#8221;.vc_custom_1746450682200{padding-top: 50px !important;padding-bottom: 50px !important;background-color: #FFFFFF !important;}&#8221;][vc_column width=&#8221;1\/3&#8243;][vc_column_text css=&#8221;&#8221;]<\/p>\n<ul>\n<li>Hamam<\/li>\n<li>Fitness<\/li>\n<li>Sauna<\/li>\n<\/ul>\n<p><strong>Y\u00fcz Maskeleri<\/strong><\/p>\n<ul>\n<li>Kil Maskesi<\/li>\n<li>Kolajen Maskesi<\/li>\n<\/ul>\n<p><strong>Hamam Terapileri<\/strong><\/p>\n<ul>\n<li>Osmanl\u0131 Terapisi (Peeling+K\u00f6p\u00fck Masaj\u0131)<\/li>\n<li>K\u00f6p\u00fck Masaj\u0131<\/li>\n<li>Aroma Hamam Terapisi (Aroma Peeling+K\u00f6p\u00fck Masaj\u0131)<\/li>\n<li>Sultan\u00a0Bal Terapisi (Ball\u0131 V\u00fccut Maskesi+K\u00f6p\u00fck Masaj\u0131)<\/li>\n<\/ul>\n<p>[\/vc_column_text][\/vc_column][vc_column width=&#8221;1\/3&#8243;][vc_column_text css=&#8221;&#8221;]<strong>Paket Programlar<\/strong><\/p>\n<ul>\n<li>Serenity Hamam Rit\u00fceli (osmanl\u0131 terapisi+klasik masaj+kil maskesi)<\/li>\n<li>Relax Paketi (osmanl\u0131 terapisi+relax masaj\u0131+kil maskesi)<\/li>\n<li>Deluxe Paket (aroma hamam terapisi+aromaterapi masaj\u0131+kil maskesi)<\/li>\n<\/ul>\n<p><strong>Masajlar<\/strong><\/p>\n<ul>\n<li>S\u0131rt Masaj\u0131<\/li>\n<li>Klasik Masaj<\/li>\n<li>T\u00fcm V\u00fccut Masaj\u0131<\/li>\n<li>Spor Masaj\u0131<\/li>\n<li>Sel\u00fclit Masaj\u0131<\/li>\n<li>Ayak Masaj\u0131<\/li>\n<\/ul>\n<p>[\/vc_column_text][\/vc_column][vc_column width=&#8221;1\/3&#8243;][vc_column_text css=&#8221;&#8221;]<strong>\u00d6zel Masajlar<\/strong><\/p>\n<ul>\n<li>Derin Doku Masaj\u0131<\/li>\n<li>Serenity Relax Masaj\u0131<\/li>\n<li>Aromaterapi Masaj\u0131<\/li>\n<li>Lenf Drenaj Masaj\u0131<\/li>\n<li>S\u0131cak Ya\u011fl\u0131\u00a0Aromaterapi Masaj\u0131<\/li>\n<\/ul>\n<p><strong>Uzak Do\u011fu Masaj Terapileri<\/strong><\/p>\n<ul>\n<li>Bali\u00a0S\u0131cak Ta\u015f Masaj\u0131<\/li>\n<li>Balinese Masaj\u0131<\/li>\n<li>Tai Masaj\u0131<\/li>\n<li>Tai Aroma Masaj\u0131<\/li>\n<li>Abyhanga<\/li>\n<\/ul>\n<p>[\/vc_column_text][\/vc_column][\/vc_row][\/vc_section][vc_section full_width=&#8221;stretch_row_content&#8221;][vc_row full_width=&#8221;stretch_row_content_no_spaces&#8221; css=&#8221;.vc_custom_1746460049853{background-image: url(http:\/\/www.wellnesserenity.com\/wp-content\/uploads\/2015\/06\/g\u00fczellik-merkezi-hizmetleri.jpg?id=663) !important;background-position: center !important;background-repeat: no-repeat !important;background-size: cover !important;}&#8221;][vc_column]<div class=\"ult-spacer spacer-69e051e8ed1a7\" data-id=\"69e051e8ed1a7\" data-height=\"300\" data-height-mobile=\"125\" data-height-tab=\"250\" data-height-tab-portrait=\"200\" data-height-mobile-landscape=\"125\" style=\"clear:both;display:block;\"><\/div>[\/vc_column][\/vc_row][vc_row content_placement=&#8221;middle&#8221; css=&#8221;.vc_custom_1746451008533{background-color: #FFFFFF !important;}&#8221;][vc_column width=&#8221;1\/6&#8243;][\/vc_column][vc_column width=&#8221;2\/3&#8243;][vc_column_text css=&#8221;.vc_custom_1746460064377{margin-top: 35px !important;}&#8221;]<\/p>\n<p style=\"text-align: center;\">D\u00fcnyaca \u00fcnl\u00fc Algotherm, Babor, Janssen ve Sothys\u2019in kozmetik \u00fcr\u00fcnleriyle g\u00fczellik uzmanlar\u0131m\u0131z taraf\u0131ndan uygulanan y\u00fcz ve v\u00fccut bak\u0131m\u0131ndan sonra sel\u00fclitlerinizden kurtulacaks\u0131n\u0131z, cildiniz g\u00fczelle\u015fecek ve kendinizi daha canl\u0131 hissedeceksiniz. Profesyonel bir \u00f6zenle yosun eklenen Babor \u00fcr\u00fcn\u00fc farkl\u0131 vitamin ve mineral maskelerinin tedavi edici \u00f6zelli\u011fiyle v\u00fccudunuz daha da canlanacak<\/p>\n<p>[\/vc_column_text][\/vc_column][vc_column width=&#8221;1\/6&#8243;][\/vc_column][\/vc_row][\/vc_section][vc_section css=&#8221;.vc_custom_1746449446306{margin-top: 60px !important;}&#8221;][vc_row css=&#8221;.vc_custom_1746449336249{margin-bottom: 30px !important;}&#8221;][vc_column][vc_column_text css=&#8221;&#8221;]<\/p>\n<h2>T\u00fcm G\u00fczellik Merkezi Hizmetlerimiz<\/h2>\n<p>[\/vc_column_text][\/vc_column][\/vc_row][vc_row full_width=&#8221;stretch_row&#8221; css=&#8221;.vc_custom_1746450682200{padding-top: 50px !important;padding-bottom: 50px !important;background-color: #FFFFFF !important;}&#8221;][vc_column width=&#8221;1\/3&#8243;][vc_column_text css=&#8221;&#8221;]<strong>V\u00fccut Bak\u0131m\u0131<\/strong><\/p>\n<ul>\n<li>Marine\u00a0cilt temizli\u011fi<\/li>\n<li>Deniz Tuzu\u00a0ile cilt temizli\u011fi<\/li>\n<li>V\u00fccut Kil Maskesi<\/li>\n<li>Termal V\u00fccut Maskesi<\/li>\n<li>\u00c7ikolata v\u00fccut Maskesi<\/li>\n<\/ul>\n<p>[\/vc_column_text][\/vc_column][vc_column width=&#8221;1\/3&#8243;][vc_column_text css=&#8221;&#8221;]<strong>Y\u00fcz Bak\u0131m\u0131<\/strong><\/p>\n<ul>\n<li>Mini Cilt Bak\u0131m\u0131\u00a0(temizleme+maske+krem)<\/li>\n<li>Sothys Profesyonel Cilt Bak\u0131m\u0131 (temizlik+peeling+buhar+siyah nokta temizli\u011fi+maske+masaj)<\/li>\n<li>Nemlendirici Cilt Bak\u0131m\u0131\u00a0(temizlik+peeling+maske+krem+masaj)<\/li>\n<li>Anti-age Cilt Bak\u0131m\u0131\u00a0(temizlik+peeling+maske+krem+masaj)<\/li>\n<li>Kolajen Cilt Bak\u0131m\u0131\u00a0(temizlik+peeling+maske+krem+masaj)<\/li>\n<\/ul>\n<p>[\/vc_column_text][\/vc_column][vc_column width=&#8221;1\/3&#8243;][vc_column_text css=&#8221;&#8221;]<strong>El &amp; Ayak Bak\u0131m\u0131<\/strong><\/p>\n<ul>\n<li>Guava Ayak Bak\u0131m\u0131\u00a0(peeling+maske+masaj)<\/li>\n<li>Spa Manik\u00fcr<\/li>\n<li>Spa Pedik\u00fcr<\/li>\n<li>Bacak A\u011fdas\u0131\u00a0(Tam &amp; Yar\u0131m)<\/li>\n<li>\u00d6zel\u00a0Bikini\u00a0A\u011fdas\u0131<\/li>\n<li>Bikini\u00a0A\u011fdas\u0131<\/li>\n<\/ul>\n<p>[\/vc_column_text][\/vc_column][\/vc_row][\/vc_section][vc_section full_width=&#8221;stretch_row_content&#8221;][vc_row full_width=&#8221;stretch_row_content_no_spaces&#8221; css=&#8221;.vc_custom_1746460146511{background-image: url(http:\/\/www.wellnesserenity.com\/wp-content\/uploads\/2015\/06\/kuaf\u00f6r-hizmetleri.jpg?id=665) !important;background-position: center !important;background-repeat: no-repeat !important;background-size: cover !important;}&#8221;][vc_column]<div class=\"ult-spacer spacer-69e051e8ed1dd\" data-id=\"69e051e8ed1dd\" data-height=\"300\" data-height-mobile=\"125\" data-height-tab=\"250\" data-height-tab-portrait=\"200\" data-height-mobile-landscape=\"125\" style=\"clear:both;display:block;\"><\/div>[\/vc_column][\/vc_row][vc_row content_placement=&#8221;middle&#8221; css=&#8221;.vc_custom_1746451008533{background-color: #FFFFFF !important;}&#8221;][vc_column width=&#8221;1\/6&#8243;][\/vc_column][vc_column width=&#8221;2\/3&#8243;][vc_column_text css=&#8221;.vc_custom_1746460171463{margin-top: 35px !important;}&#8221;]<\/p>\n<p style=\"text-align: center;\">Biz Wellness Serenity Spa\u2019da tam kuaf\u00f6r hizmeti sunmaktay\u0131z. Trendler dikte etmek i\u00e7in de\u011fil yol g\u00f6stermek i\u00e7indir. T\u00fcm ihtiya\u00e7lar\u0131n\u0131za \u00e7evap verebilmek i\u00e7in uzmanlar\u0131m\u0131z tamamen ki\u015fiye \u00f6zel uygulanan tasar\u0131mlar\u0131 hizmetinize sunuyor.<\/p>\n<p style=\"text-align: center;\"><strong>Y\u0131kama, sa\u00e7 kesimi, t\u0131ra\u015f, f\u00f6n, boyama, perma, r\u00f6fle, sa\u00e7 \u00f6rme, \u00f6zel sa\u00e7 bak\u0131mlar\u0131.<\/strong><\/p>\n<p>[\/vc_column_text][\/vc_column][vc_column width=&#8221;1\/6&#8243;][\/vc_column][\/vc_row][\/vc_section][vc_section full_width=&#8221;stretch_row_content&#8221;][vc_row full_width=&#8221;stretch_row_content_no_spaces&#8221; css=&#8221;.vc_custom_1746451426655{background-image: url(http:\/\/www.wellnesserenity.com\/wp-content\/uploads\/2015\/06\/fitness-saloon-services-banner.jpg?id=256) !important;background-position: center !important;background-repeat: no-repeat !important;background-size: cover !important;}&#8221;][vc_column]<div class=\"ult-spacer spacer-69e051e8ed20c\" data-id=\"69e051e8ed20c\" data-height=\"300\" data-height-mobile=\"125\" data-height-tab=\"250\" data-height-tab-portrait=\"200\" data-height-mobile-landscape=\"125\" style=\"clear:both;display:block;\"><\/div>[\/vc_column][\/vc_row][vc_row content_placement=&#8221;middle&#8221; css=&#8221;.vc_custom_1746451008533{background-color: #FFFFFF !important;}&#8221;][vc_column width=&#8221;1\/6&#8243;][\/vc_column][vc_column width=&#8221;2\/3&#8243;][vc_column_text css=&#8221;.vc_custom_1746460197465{margin-top: 35px !important;}&#8221;]<\/p>\n<p style=\"text-align: center;\">kendiniz her daim spor i\u00e7in ve hayat i\u00e7in fit hissedin. Erkeklerin ve kad\u0131nlar\u0131n d\u0131\u015f g\u00f6r\u00fcn\u00fc\u015flerini geli\u015ftirebilecekleri ve daha iyi hissetmelerini sa\u011flayan muhte\u015fem bir ortam. Serenity Spa kendini t\u00fcm m\u00fc\u015fterilerine ayr\u0131cal\u0131kl\u0131 bir hizmet sunmaya adam\u0131\u015ft\u0131r. M\u00fc\u015fterilerimizin kendilerine olan g\u00fcvenlerini ve g\u00fczelliklerini kucaklamalar\u0131 i\u00e7in \u00e7al\u0131\u015f\u0131yoruz.<\/p>\n<p>[\/vc_column_text][\/vc_column][vc_column width=&#8221;1\/6&#8243;][\/vc_column][\/vc_row][\/vc_section]<\/p>\n<\/div>","protected":false},"excerpt":{"rendered":"<p>[vc_section full_width=&#8221;stretch_row_content&#8221;][vc_row full_width=&#8221;stretch_row_content_no_spaces&#8221; css=&#8221;.vc_custom_1746459818437{background-image: url(http:\/\/www.wellnesserenity.com\/wp-content\/uploads\/2015\/06\/spa-merkezi-hizmetleri.jpg?id=667) !important;background-position: center !important;background-repeat: no-repeat !important;background-size: cover !important;}&#8221;][vc_column][\/vc_column][\/vc_row][\/vc_section][vc_row full_width=&#8221;stretch_row_content&#8221; equal_height=&#8221;yes&#8221; css=&#8221;.vc_custom_1746449585143{margin-top: 40px !important;}&#8221;][vc_column width=&#8221;1\/4&#8243;][\/vc_column][vc_column width=&#8221;1\/4&#8243; css=&#8221;.vc_custom_1746449676453{padding-bottom: 10px !important;}&#8221;][\/vc_column][vc_column width=&#8221;1\/4&#8243;][\/vc_column][vc_column width=&#8221;1\/4&#8243;][\/vc_column][\/vc_row][vc_section css=&#8221;.vc_custom_1746449446306{margin-top: 60px !important;}&#8221;][vc_row css=&#8221;.vc_custom_1746449336249{margin-bottom: 30px !important;}&#8221;][vc_column][vc_column_text css=&#8221;&#8221;] T\u00fcm\u00a0Spa\u00a0Hizmetlerimiz [\/vc_column_text][\/vc_column][\/vc_row][vc_row full_width=&#8221;stretch_row&#8221; css=&#8221;.vc_custom_1746450682200{padding-top: 50px !important;padding-bottom: 50px !important;background-color: #FFFFFF !important;}&#8221;][vc_column width=&#8221;1\/3&#8243;][vc_column_text css=&#8221;&#8221;] Hamam Fitness Sauna Y\u00fcz Maskeleri Kil Maskesi Kolajen Maskesi Hamam Terapileri Osmanl\u0131 [&hellip;]<\/p>\n","protected":false},"author":1,"featured_media":0,"parent":0,"menu_order":0,"comment_status":"closed","ping_status":"closed","template":"","meta":{"footnotes":""},"class_list":["post-654","page","type-page","status-publish","hentry"],"aioseo_notices":[],"_links":{"self":[{"href":"https:\/\/www.wellnesserenity.com\/tr\/wp-json\/wp\/v2\/pages\/654","targetHints":{"allow":["GET"]}}],"collection":[{"href":"https:\/\/www.wellnesserenity.com\/tr\/wp-json\/wp\/v2\/pages"}],"about":[{"href":"https:\/\/www.wellnesserenity.com\/tr\/wp-json\/wp\/v2\/types\/page"}],"author":[{"embeddable":true,"href":"https:\/\/www.wellnesserenity.com\/tr\/wp-json\/wp\/v2\/users\/1"}],"replies":[{"embeddable":true,"href":"https:\/\/www.wellnesserenity.com\/tr\/wp-json\/wp\/v2\/comments?post=654"}],"version-history":[{"count":14,"href":"https:\/\/www.wellnesserenity.com\/tr\/wp-json\/wp\/v2\/pages\/654\/revisions"}],"predecessor-version":[{"id":853,"href":"https:\/\/www.wellnesserenity.com\/tr\/wp-json\/wp\/v2\/pages\/654\/revisions\/853"}],"wp:attachment":[{"href":"https:\/\/www.wellnesserenity.com\/tr\/wp-json\/wp\/v2\/media?parent=654"}],"curies":[{"name":"wp","href":"https:\/\/api.w.org\/{rel}","templated":true}]}}